{"id":28,"date":"2025-03-17T13:53:59","date_gmt":"2025-03-17T12:53:59","guid":{"rendered":"https:\/\/www.delaroche.xyz\/?page_id=28"},"modified":"2025-03-17T14:22:27","modified_gmt":"2025-03-17T13:22:27","slug":"toto","status":"publish","type":"page","link":"https:\/\/www.delaroche.xyz\/index.php\/toto\/","title":{"rendered":"toto"},"content":{"rendered":"\n<p>Voici cinq blagues de Toto pour te faire rire ! \ud83d\ude06<\/p>\n\n\n\n<h3 class=\"wp-block-heading\"><strong>1. Toto et l\u2019\u00e9cole<\/strong><\/h3>\n\n\n\n<p>La ma\u00eetresse demande :<br>\u2014 Toto, conjugue-moi le verbe \u00ab\u00a0manger\u00a0\u00bb au pr\u00e9sent.<br>\u2014 Je mange&#8230; tu manges&#8230; il mange&#8230;<br>\u2014 Plus vite !<br>\u2014 Nous avalons, vous engloutissez, ils s&#8217;empiffrent !<\/p>\n\n\n\n<hr class=\"wp-block-separator has-alpha-channel-opacity\"\/>\n\n\n\n<h3 class=\"wp-block-heading\"><strong>2. Toto et le m\u00e9decin<\/strong><\/h3>\n\n\n\n<p>Toto va chez le m\u00e9decin.<br>\u2014 Docteur, j\u2019ai mal partout quand je touche ! (il appuie sur son bras) A\u00efe ! (il appuie sur sa jambe) A\u00efe ! (il touche son ventre) A\u00efe !<br>Le m\u00e9decin l&rsquo;examine et dit :<br>\u2014 Toto&#8230; tu t\u2019es juste cass\u00e9 le doigt !<\/p>\n\n\n\n<hr class=\"wp-block-separator has-alpha-channel-opacity\"\/>\n\n\n\n<h3 class=\"wp-block-heading\"><strong>3. Toto et le contr\u00f4le<\/strong><\/h3>\n\n\n\n<p>La ma\u00eetresse :<br>\u2014 Toto, pourquoi ton devoir est-il identique \u00e0 celui de ton voisin ?<br>\u2014 Euh\u2026 c\u2019est normal, ma\u00eetresse, on a eu les m\u00eames questions !<\/p>\n\n\n\n<hr class=\"wp-block-separator has-alpha-channel-opacity\"\/>\n\n\n\n<h3 class=\"wp-block-heading\"><strong>4. Toto et la devinette<\/strong><\/h3>\n\n\n\n<p>Papa : Toto, donne-moi un exemple de f\u00e9lin.<br>Toto : Facile\u2026 le chat !<br>Papa : Bien ! Un autre ?<br>Toto : Euh\u2026 le chaton ?<\/p>\n\n\n\n<hr class=\"wp-block-separator has-alpha-channel-opacity\"\/>\n\n\n\n<h3 class=\"wp-block-heading\"><strong>5. Toto et les maths<\/strong><\/h3>\n\n\n\n<p>La ma\u00eetresse :<br>\u2014 Si je te donne deux chats, puis encore deux chats, combien as-tu de chats ?<br>Toto :<br>\u2014 Cinq, ma\u00eetresse !<br>\u2014 Non, \u00e9coute bien. Deux chats plus deux chats, \u00e7a fait ?<br>\u2014 Cinq ! Parce que j\u2019en ai d\u00e9j\u00e0 un \u00e0 la maison !<\/p>\n\n\n\n<p>ps F5 trop vite = captcha<\/p>\n","protected":false},"excerpt":{"rendered":"<p>Voici cinq blagues de Toto pour te faire rire ! \ud83d\ude06 1. Toto et l\u2019\u00e9cole La ma\u00eetresse demande :\u2014 Toto, conjugue-moi le verbe \u00ab\u00a0manger\u00a0\u00bb au pr\u00e9sent.\u2014 Je mange&#8230; tu manges&#8230; il mange&#8230;\u2014 Plus vite !\u2014 Nous avalons, vous engloutissez, ils s&#8217;empiffrent ! 2. Toto et le m\u00e9decin Toto va chez le m\u00e9decin.\u2014 Docteur, j\u2019ai mal &hellip; <a href=\"https:\/\/www.delaroche.xyz\/index.php\/toto\/\" class=\"more-link\">Continuer la lecture de <span class=\"screen-reader-text\">toto<\/span>  <span class=\"meta-nav\">&rarr;<\/span><\/a><\/p>\n","protected":false},"author":1,"featured_media":0,"parent":0,"menu_order":0,"comment_status":"closed","ping_status":"closed","template":"","meta":{"footnotes":""},"class_list":["post-28","page","type-page","status-publish","hentry"],"_links":{"self":[{"href":"https:\/\/www.delaroche.xyz\/index.php\/wp-json\/wp\/v2\/pages\/28","targetHints":{"allow":["GET"]}}],"collection":[{"href":"https:\/\/www.delaroche.xyz\/index.php\/wp-json\/wp\/v2\/pages"}],"about":[{"href":"https:\/\/www.delaroche.xyz\/index.php\/wp-json\/wp\/v2\/types\/page"}],"author":[{"embeddable":true,"href":"https:\/\/www.delaroche.xyz\/index.php\/wp-json\/wp\/v2\/users\/1"}],"replies":[{"embeddable":true,"href":"https:\/\/www.delaroche.xyz\/index.php\/wp-json\/wp\/v2\/comments?post=28"}],"version-history":[{"count":4,"href":"https:\/\/www.delaroche.xyz\/index.php\/wp-json\/wp\/v2\/pages\/28\/revisions"}],"predecessor-version":[{"id":33,"href":"https:\/\/www.delaroche.xyz\/index.php\/wp-json\/wp\/v2\/pages\/28\/revisions\/33"}],"wp:attachment":[{"href":"https:\/\/www.delaroche.xyz\/index.php\/wp-json\/wp\/v2\/media?parent=28"}],"curies":[{"name":"wp","href":"https:\/\/api.w.org\/{rel}","templated":true}]}}